{"id":169,"date":"2019-07-31T10:24:20","date_gmt":"2019-07-31T10:24:20","guid":{"rendered":"http:\/\/localhost:8888\/membership\/"},"modified":"2021-11-04T15:48:28","modified_gmt":"2021-11-04T13:48:28","slug":"membre","status":"publish","type":"page","link":"https:\/\/www.batl-taxlaw.be\/fr\/membre\/","title":{"rendered":"Devenir membre"},"content":{"rendered":"<div class=\"wpb-content-wrapper\"><p>[vc_row full_width=&#8221;stretch_row&#8221; content_placement=&#8221;middle&#8221; bg_type=&#8221;bg_color&#8221; bg_color_value=&#8221;#333333&#8243; el_class=&#8221;serv-top-row&#8221;][vc_column width=&#8221;5\/6&#8243;][vc_column_text]<\/p>\n<h1>DEVENIR MEMBRE<\/h1>\n<p>[\/vc_column_text][\/vc_column][vc_column width=&#8221;1\/6&#8243;][vc_single_image image=&#8221;52&#8243; img_size=&#8221;full&#8221;][\/vc_column][\/vc_row][vc_row][vc_column][vc_column_text el_class=&#8221;ttl-h3&#8243;]<\/p>\n<h3>Devenir membre ?<\/h3>\n<hr \/>\n<p>[\/vc_column_text][vc_column_text]L&#8217;ASBL BATL fait appel aux avocats en Belgique, sp\u00e9cialis\u00e9s en droit fiscal, afin qu\u2019ils rejoignent l\u2019association. Il est fortement recommand\u00e9 \u00e0 tout avocat qui exerce ses activit\u00e9s en droit fiscal de devenir membre. De plus amples informations, ainsi que le formulaire pour devenir membre, peuvent \u00eatre obtenus sur simple demande adress\u00e9e \u00e0 l&#8217;adresse mail contact@batl-taxlaw.be.[\/vc_column_text][\/vc_column][\/vc_row][vc_row full_width=&#8221;stretch_row&#8221; bg_type=&#8221;bg_color&#8221; bg_color_value=&#8221;#f2f2f2&#8243; el_class=&#8221;serv-membership-ctc-row&#8221;][vc_column]\n<div class=\"wpcf7 no-js\" id=\"wpcf7-f112-o1\" lang=\"en-US\" dir=\"ltr\" data-wpcf7-id=\"112\">\n<div class=\"screen-reader-response\"><p role=\"status\" aria-live=\"polite\" aria-atomic=\"true\"><\/p> <ul><\/ul><\/div>\n<form action=\"\/fr\/wp-json\/wp\/v2\/pages\/169#wpcf7-f112-o1\" method=\"post\" class=\"wpcf7-form init\" aria-label=\"Contact form\" novalidate=\"novalidate\" data-status=\"init\">\n<fieldset class=\"hidden-fields-container\"><input type=\"hidden\" name=\"_wpcf7\" value=\"112\" \/><input type=\"hidden\" name=\"_wpcf7_version\" value=\"6.1.5\" \/><input type=\"hidden\" name=\"_wpcf7_locale\" value=\"en_US\" \/><input type=\"hidden\" name=\"_wpcf7_unit_tag\" value=\"wpcf7-f112-o1\" \/><input type=\"hidden\" name=\"_wpcf7_container_post\" value=\"0\" \/><input type=\"hidden\" name=\"_wpcf7_posted_data_hash\" value=\"\" \/><input type=\"hidden\" name=\"_wpcf7_recaptcha_response\" value=\"\" \/>\n<\/fieldset>\n<div class=\"vc_col-sm-4\">\n\t<p><label> Vos Nom et Pr\u00e9nom*<br \/>\n<span class=\"wpcf7-form-control-wrap\" data-name=\"your-name\"><input size=\"40\" maxlength=\"400\" class=\"wpcf7-form-control wpcf7-text wpcf7-validates-as-required\" aria-required=\"true\" aria-invalid=\"false\" value=\"\" type=\"text\" name=\"your-name\" \/><\/span> <\/label>\n\t<\/p>\n<\/div>\n<div class=\"vc_col-sm-4\">\n\t<p><label> Votre Email*<br \/>\n<span class=\"wpcf7-form-control-wrap\" data-name=\"your-email\"><input size=\"40\" maxlength=\"400\" class=\"wpcf7-form-control wpcf7-email wpcf7-validates-as-required wpcf7-text wpcf7-validates-as-email\" aria-required=\"true\" aria-invalid=\"false\" value=\"\" type=\"email\" name=\"your-email\" \/><\/span> <\/label>\n\t<\/p>\n<\/div>\n<div class=\"vc_col-sm-4\">\n\t<p><label> Votre Cabinet<br \/>\n<span class=\"wpcf7-form-control-wrap\" data-name=\"your-subject\"><input size=\"40\" maxlength=\"400\" class=\"wpcf7-form-control wpcf7-text\" aria-invalid=\"false\" value=\"\" type=\"text\" name=\"your-subject\" \/><\/span> <\/label>\n\t<\/p>\n<\/div>\n<div class=\"vc_col-sm-12\">\n\t<p><label> Votre Message<br \/>\n<span class=\"wpcf7-form-control-wrap\" data-name=\"your-message\"><textarea cols=\"2\" rows=\"2\" maxlength=\"2000\" class=\"wpcf7-form-control wpcf7-textarea\" aria-invalid=\"false\" name=\"your-message\"><\/textarea><\/span> <\/label>\n\t<\/p>\n<\/div>\n<div class=\"vc_col-sm-10\">\n\t<p>En utilisant ce formulaire, vous acceptez notre <a href=\"\/terms-conditions-privacy\/\" target=\"_blank\">politique sur le traitement des donn\u00e9es.<\/a>\n\t<\/p>\n<\/div>\n<div class=\"vc_col-sm-2\">\n\t<p><input class=\"wpcf7-form-control wpcf7-submit has-spinner\" type=\"submit\" value=\"Envoyer\" \/>\n\t<\/p>\n<\/div><div class=\"wpcf7-response-output\" aria-hidden=\"true\"><\/div>\n<\/form>\n<\/div>\n[\/vc_column][\/vc_row]<\/p>\n<\/div>","protected":false},"excerpt":{"rendered":"<p>[vc_row full_width=&#8221;stretch_row&#8221; content_placement=&#8221;middle&#8221; bg_type=&#8221;bg_color&#8221; bg_color_value=&#8221;#333333&#8243; el_class=&#8221;serv-top-row&#8221;][vc_column width=&#8221;5\/6&#8243;][vc_column_text] DEVENIR MEMBRE [\/vc_column_text][\/vc_column][vc_column width=&#8221;1\/6&#8243;][vc_single_image image=&#8221;52&#8243; img_size=&#8221;full&#8221;][\/vc_column][\/vc_row][vc_row][vc_column][vc_column_text el_class=&#8221;ttl-h3&#8243;] Devenir membre ? [\/vc_column_text][vc_column_text]L&#8217;ASBL BATL fait appel aux avocats en Belgique, sp\u00e9cialis\u00e9s en droit fiscal, afin qu\u2019ils rejoignent l\u2019association. Il est fortement recommand\u00e9 \u00e0 tout avocat qui exerce ses activit\u00e9s en droit fiscal de devenir membre. De plus amples informations, ainsi&hellip;<\/p>\n","protected":false},"author":1,"featured_media":0,"parent":0,"menu_order":0,"comment_status":"closed","ping_status":"closed","template":"","meta":{"footnotes":""},"class_list":["post-169","page","type-page","status-publish","hentry","description-off"],"yoast_head":"<!-- This site is optimized with the Yoast SEO plugin v27.3 - https:\/\/yoast.com\/product\/yoast-seo-wordpress\/ -->\n<title>Devenir membre - BATL<\/title>\n<meta name=\"robots\" content=\"index, follow, max-snippet:-1, max-image-preview:large, max-video-preview:-1\" \/>\n<link rel=\"canonical\" href=\"https:\/\/www.batl-taxlaw.be\/fr\/membre\/\" \/>\n<meta property=\"og:locale\" content=\"fr_FR\" \/>\n<meta property=\"og:type\" content=\"article\" \/>\n<meta property=\"og:title\" content=\"Devenir membre - BATL\" \/>\n<meta property=\"og:description\" content=\"[vc_row full_width=&#8221;stretch_row&#8221; content_placement=&#8221;middle&#8221; bg_type=&#8221;bg_color&#8221; bg_color_value=&#8221;#333333&#8243; el_class=&#8221;serv-top-row&#8221;][vc_column width=&#8221;5\/6&#8243;][vc_column_text] DEVENIR MEMBRE [\/vc_column_text][\/vc_column][vc_column width=&#8221;1\/6&#8243;][vc_single_image image=&#8221;52&#8243; img_size=&#8221;full&#8221;][\/vc_column][\/vc_row][vc_row][vc_column][vc_column_text el_class=&#8221;ttl-h3&#8243;] Devenir membre ? [\/vc_column_text][vc_column_text]L&#8217;ASBL BATL fait appel aux avocats en Belgique, sp\u00e9cialis\u00e9s en droit fiscal, afin qu\u2019ils rejoignent l\u2019association. Il est fortement recommand\u00e9 \u00e0 tout avocat qui exerce ses activit\u00e9s en droit fiscal de devenir membre. De plus amples informations, ainsi&hellip;\" \/>\n<meta property=\"og:url\" content=\"https:\/\/www.batl-taxlaw.be\/fr\/membre\/\" \/>\n<meta property=\"og:site_name\" content=\"BATL\" \/>\n<meta property=\"article:modified_time\" content=\"2021-11-04T13:48:28+00:00\" \/>\n<meta name=\"twitter:card\" content=\"summary_large_image\" \/>\n<meta name=\"twitter:label1\" content=\"Est. reading time\" \/>\n\t<meta name=\"twitter:data1\" content=\"1 minute\" \/>\n<script type=\"application\/ld+json\" class=\"yoast-schema-graph\">{\"@context\":\"https:\\\/\\\/schema.org\",\"@graph\":[{\"@type\":\"WebPage\",\"@id\":\"https:\\\/\\\/www.batl-taxlaw.be\\\/fr\\\/membre\\\/\",\"url\":\"https:\\\/\\\/www.batl-taxlaw.be\\\/fr\\\/membre\\\/\",\"name\":\"Devenir membre - BATL\",\"isPartOf\":{\"@id\":\"https:\\\/\\\/www.batl-taxlaw.be\\\/#website\"},\"datePublished\":\"2019-07-31T10:24:20+00:00\",\"dateModified\":\"2021-11-04T13:48:28+00:00\",\"breadcrumb\":{\"@id\":\"https:\\\/\\\/www.batl-taxlaw.be\\\/fr\\\/membre\\\/#breadcrumb\"},\"inLanguage\":\"fr\",\"potentialAction\":[{\"@type\":\"ReadAction\",\"target\":[\"https:\\\/\\\/www.batl-taxlaw.be\\\/fr\\\/membre\\\/\"]}]},{\"@type\":\"BreadcrumbList\",\"@id\":\"https:\\\/\\\/www.batl-taxlaw.be\\\/fr\\\/membre\\\/#breadcrumb\",\"itemListElement\":[{\"@type\":\"ListItem\",\"position\":1,\"name\":\"Home\",\"item\":\"https:\\\/\\\/www.batl-taxlaw.be\\\/fr\\\/\"},{\"@type\":\"ListItem\",\"position\":2,\"name\":\"Devenir membre\"}]},{\"@type\":\"WebSite\",\"@id\":\"https:\\\/\\\/www.batl-taxlaw.be\\\/#website\",\"url\":\"https:\\\/\\\/www.batl-taxlaw.be\\\/\",\"name\":\"BATL\",\"description\":\"\",\"publisher\":{\"@id\":\"https:\\\/\\\/www.batl-taxlaw.be\\\/#organization\"},\"potentialAction\":[{\"@type\":\"SearchAction\",\"target\":{\"@type\":\"EntryPoint\",\"urlTemplate\":\"https:\\\/\\\/www.batl-taxlaw.be\\\/?s={search_term_string}\"},\"query-input\":{\"@type\":\"PropertyValueSpecification\",\"valueRequired\":true,\"valueName\":\"search_term_string\"}}],\"inLanguage\":\"fr\"},{\"@type\":\"Organization\",\"@id\":\"https:\\\/\\\/www.batl-taxlaw.be\\\/#organization\",\"name\":\"Belgian Association Of Tax Lawyers\",\"url\":\"https:\\\/\\\/www.batl-taxlaw.be\\\/\",\"logo\":{\"@type\":\"ImageObject\",\"inLanguage\":\"fr\",\"@id\":\"https:\\\/\\\/www.batl-taxlaw.be\\\/#\\\/schema\\\/logo\\\/image\\\/\",\"url\":\"https:\\\/\\\/www.batl-taxlaw.be\\\/wp-content\\\/uploads\\\/2020\\\/04\\\/batl-article-preview-image.jpg\",\"contentUrl\":\"https:\\\/\\\/www.batl-taxlaw.be\\\/wp-content\\\/uploads\\\/2020\\\/04\\\/batl-article-preview-image.jpg\",\"width\":200,\"height\":200,\"caption\":\"Belgian Association Of Tax Lawyers\"},\"image\":{\"@id\":\"https:\\\/\\\/www.batl-taxlaw.be\\\/#\\\/schema\\\/logo\\\/image\\\/\"}}]}<\/script>\n<!-- \/ Yoast SEO plugin. -->","yoast_head_json":{"title":"Devenir membre - BATL","robots":{"index":"index","follow":"follow","max-snippet":"max-snippet:-1","max-image-preview":"max-image-preview:large","max-video-preview":"max-video-preview:-1"},"canonical":"https:\/\/www.batl-taxlaw.be\/fr\/membre\/","og_locale":"fr_FR","og_type":"article","og_title":"Devenir membre - BATL","og_description":"[vc_row full_width=&#8221;stretch_row&#8221; content_placement=&#8221;middle&#8221; bg_type=&#8221;bg_color&#8221; bg_color_value=&#8221;#333333&#8243; el_class=&#8221;serv-top-row&#8221;][vc_column width=&#8221;5\/6&#8243;][vc_column_text] DEVENIR MEMBRE [\/vc_column_text][\/vc_column][vc_column width=&#8221;1\/6&#8243;][vc_single_image image=&#8221;52&#8243; img_size=&#8221;full&#8221;][\/vc_column][\/vc_row][vc_row][vc_column][vc_column_text el_class=&#8221;ttl-h3&#8243;] Devenir membre ? [\/vc_column_text][vc_column_text]L&#8217;ASBL BATL fait appel aux avocats en Belgique, sp\u00e9cialis\u00e9s en droit fiscal, afin qu\u2019ils rejoignent l\u2019association. Il est fortement recommand\u00e9 \u00e0 tout avocat qui exerce ses activit\u00e9s en droit fiscal de devenir membre. De plus amples informations, ainsi&hellip;","og_url":"https:\/\/www.batl-taxlaw.be\/fr\/membre\/","og_site_name":"BATL","article_modified_time":"2021-11-04T13:48:28+00:00","twitter_card":"summary_large_image","twitter_misc":{"Est. reading time":"1 minute"},"schema":{"@context":"https:\/\/schema.org","@graph":[{"@type":"WebPage","@id":"https:\/\/www.batl-taxlaw.be\/fr\/membre\/","url":"https:\/\/www.batl-taxlaw.be\/fr\/membre\/","name":"Devenir membre - BATL","isPartOf":{"@id":"https:\/\/www.batl-taxlaw.be\/#website"},"datePublished":"2019-07-31T10:24:20+00:00","dateModified":"2021-11-04T13:48:28+00:00","breadcrumb":{"@id":"https:\/\/www.batl-taxlaw.be\/fr\/membre\/#breadcrumb"},"inLanguage":"fr","potentialAction":[{"@type":"ReadAction","target":["https:\/\/www.batl-taxlaw.be\/fr\/membre\/"]}]},{"@type":"BreadcrumbList","@id":"https:\/\/www.batl-taxlaw.be\/fr\/membre\/#breadcrumb","itemListElement":[{"@type":"ListItem","position":1,"name":"Home","item":"https:\/\/www.batl-taxlaw.be\/fr\/"},{"@type":"ListItem","position":2,"name":"Devenir membre"}]},{"@type":"WebSite","@id":"https:\/\/www.batl-taxlaw.be\/#website","url":"https:\/\/www.batl-taxlaw.be\/","name":"BATL","description":"","publisher":{"@id":"https:\/\/www.batl-taxlaw.be\/#organization"},"potentialAction":[{"@type":"SearchAction","target":{"@type":"EntryPoint","urlTemplate":"https:\/\/www.batl-taxlaw.be\/?s={search_term_string}"},"query-input":{"@type":"PropertyValueSpecification","valueRequired":true,"valueName":"search_term_string"}}],"inLanguage":"fr"},{"@type":"Organization","@id":"https:\/\/www.batl-taxlaw.be\/#organization","name":"Belgian Association Of Tax Lawyers","url":"https:\/\/www.batl-taxlaw.be\/","logo":{"@type":"ImageObject","inLanguage":"fr","@id":"https:\/\/www.batl-taxlaw.be\/#\/schema\/logo\/image\/","url":"https:\/\/www.batl-taxlaw.be\/wp-content\/uploads\/2020\/04\/batl-article-preview-image.jpg","contentUrl":"https:\/\/www.batl-taxlaw.be\/wp-content\/uploads\/2020\/04\/batl-article-preview-image.jpg","width":200,"height":200,"caption":"Belgian Association Of Tax Lawyers"},"image":{"@id":"https:\/\/www.batl-taxlaw.be\/#\/schema\/logo\/image\/"}}]}},"_links":{"self":[{"href":"https:\/\/www.batl-taxlaw.be\/fr\/wp-json\/wp\/v2\/pages\/169","targetHints":{"allow":["GET"]}}],"collection":[{"href":"https:\/\/www.batl-taxlaw.be\/fr\/wp-json\/wp\/v2\/pages"}],"about":[{"href":"https:\/\/www.batl-taxlaw.be\/fr\/wp-json\/wp\/v2\/types\/page"}],"author":[{"embeddable":true,"href":"https:\/\/www.batl-taxlaw.be\/fr\/wp-json\/wp\/v2\/users\/1"}],"replies":[{"embeddable":true,"href":"https:\/\/www.batl-taxlaw.be\/fr\/wp-json\/wp\/v2\/comments?post=169"}],"version-history":[{"count":11,"href":"https:\/\/www.batl-taxlaw.be\/fr\/wp-json\/wp\/v2\/pages\/169\/revisions"}],"predecessor-version":[{"id":1310,"href":"https:\/\/www.batl-taxlaw.be\/fr\/wp-json\/wp\/v2\/pages\/169\/revisions\/1310"}],"wp:attachment":[{"href":"https:\/\/www.batl-taxlaw.be\/fr\/wp-json\/wp\/v2\/media?parent=169"}],"curies":[{"name":"wp","href":"https:\/\/api.w.org\/{rel}","templated":true}]}}